{"id":1355,"date":"2022-01-02T13:06:41","date_gmt":"2022-01-02T13:06:41","guid":{"rendered":"https:\/\/new.eurotrcap.com\/home-page\/"},"modified":"2022-01-07T09:05:45","modified_gmt":"2022-01-07T09:05:45","slug":"home-page","status":"publish","type":"page","link":"https:\/\/eurotrcap.rudetings.com\/fr\/","title":{"rendered":"Home page"},"content":{"rendered":"","protected":false},"excerpt":{"rendered":"","protected":false},"author":1,"featured_media":1667,"parent":0,"menu_order":0,"comment_status":"closed","ping_status":"closed","template":"page-index.php","meta":{"inline_featured_image":false,"footnotes":""},"class_list":["post-1355","page","type-page","status-publish","has-post-thumbnail","hentry"],"yoast_head":"<!-- This site is optimized with the Yoast SEO plugin v20.0 - https:\/\/yoast.com\/wordpress\/plugins\/seo\/ -->\n<title>Trader le Forex et les CFDs de la fa\u00e7on de Trading d&#039;Europa Capital<\/title>\n<meta name=\"description\" content=\"EuropaTrade offre aux traders du monde entier une opportunit\u00e9 exceptionnelle de trader le Forex et les CFD. Ouvrez votre compte Europa Trade Capital maintenant et commencez \u00e0 trader!\" \/>\n<meta name=\"robots\" content=\"noindex, follow, max-snippet:-1, max-image-preview:large, max-video-preview:-1\" \/>\n<meta property=\"og:locale\" content=\"fr_FR\" \/>\n<meta property=\"og:type\" content=\"article\" \/>\n<meta property=\"og:title\" content=\"Trader le Forex et les CFDs de la fa\u00e7on de Trading d&#039;Europa Capital\" \/>\n<meta property=\"og:description\" content=\"EuropaTrade offre aux traders du monde entier une opportunit\u00e9 exceptionnelle de trader le Forex et les CFD. Ouvrez votre compte Europa Trade Capital maintenant et commencez \u00e0 trader!\" \/>\n<meta property=\"og:url\" content=\"https:\/\/eurotrcap.rudetings.com\/fr\/\" \/>\n<meta property=\"og:site_name\" content=\"Europa\" \/>\n<meta property=\"article:modified_time\" content=\"2022-01-07T09:05:45+00:00\" \/>\n<meta property=\"og:image\" content=\"https:\/\/eurotrcap.rudetings.com\/wp-content\/uploads\/2022\/01\/main-banner-1.png\" \/>\n\t<meta property=\"og:image:width\" content=\"1878\" \/>\n\t<meta property=\"og:image:height\" content=\"901\" \/>\n\t<meta property=\"og:image:type\" content=\"image\/png\" \/>\n<meta name=\"twitter:card\" content=\"summary_large_image\" \/>\n<meta name=\"twitter:title\" content=\"Trader le Forex et les CFDs de la fa\u00e7on de Trading d&#039;Europa Capital\" \/>\n<meta name=\"twitter:description\" content=\"EuropaTrade offre aux traders du monde entier une opportunit\u00e9 exceptionnelle de trader le Forex et les CFD. Ouvrez votre compte Europa Trade Capital maintenant et commencez \u00e0 trader!\" \/>\n<script type=\"application\/ld+json\" class=\"yoast-schema-graph\">{\"@context\":\"https:\/\/schema.org\",\"@graph\":[{\"@type\":\"WebPage\",\"@id\":\"https:\/\/eurotrcap.rudetings.com\/fr\/\",\"url\":\"https:\/\/eurotrcap.rudetings.com\/fr\/\",\"name\":\"Trader le Forex et les CFDs de la fa\u00e7on de Trading d'Europa Capital\",\"isPartOf\":{\"@id\":\"https:\/\/eurotrcap.rudetings.com\/#website\"},\"datePublished\":\"2022-01-02T13:06:41+00:00\",\"dateModified\":\"2022-01-07T09:05:45+00:00\",\"description\":\"EuropaTrade offre aux traders du monde entier une opportunit\u00e9 exceptionnelle de trader le Forex et les CFD. Ouvrez votre compte Europa Trade Capital maintenant et commencez \u00e0 trader!\",\"breadcrumb\":{\"@id\":\"https:\/\/eurotrcap.rudetings.com\/fr\/#breadcrumb\"},\"inLanguage\":\"fr-FR\",\"potentialAction\":[{\"@type\":\"ReadAction\",\"target\":[\"https:\/\/eurotrcap.rudetings.com\/fr\/\"]}]},{\"@type\":\"BreadcrumbList\",\"@id\":\"https:\/\/eurotrcap.rudetings.com\/fr\/#breadcrumb\",\"itemListElement\":[{\"@type\":\"ListItem\",\"position\":1,\"name\":\"Home\",\"item\":\"https:\/\/eurotrcap.rudetings.com\/fr\/\"},{\"@type\":\"ListItem\",\"position\":2,\"name\":\"Home page\"}]},{\"@type\":\"WebSite\",\"@id\":\"https:\/\/eurotrcap.rudetings.com\/#website\",\"url\":\"https:\/\/eurotrcap.rudetings.com\/\",\"name\":\"Europa\",\"description\":\"The Europa Trade way\",\"potentialAction\":[{\"@type\":\"SearchAction\",\"target\":{\"@type\":\"EntryPoint\",\"urlTemplate\":\"https:\/\/eurotrcap.rudetings.com\/?s={search_term_string}\"},\"query-input\":\"required name=search_term_string\"}],\"inLanguage\":\"fr-FR\"}]}<\/script>\n<!-- \/ Yoast SEO plugin. -->","yoast_head_json":{"title":"Trader le Forex et les CFDs de la fa\u00e7on de Trading d'Europa Capital","description":"EuropaTrade offre aux traders du monde entier une opportunit\u00e9 exceptionnelle de trader le Forex et les CFD. Ouvrez votre compte Europa Trade Capital maintenant et commencez \u00e0 trader!","robots":{"index":"noindex","follow":"follow","max-snippet":"max-snippet:-1","max-image-preview":"max-image-preview:large","max-video-preview":"max-video-preview:-1"},"og_locale":"fr_FR","og_type":"article","og_title":"Trader le Forex et les CFDs de la fa\u00e7on de Trading d'Europa Capital","og_description":"EuropaTrade offre aux traders du monde entier une opportunit\u00e9 exceptionnelle de trader le Forex et les CFD. Ouvrez votre compte Europa Trade Capital maintenant et commencez \u00e0 trader!","og_url":"https:\/\/eurotrcap.rudetings.com\/fr\/","og_site_name":"Europa","article_modified_time":"2022-01-07T09:05:45+00:00","og_image":[{"width":1878,"height":901,"url":"https:\/\/eurotrcap.rudetings.com\/wp-content\/uploads\/2022\/01\/main-banner-1.png","type":"image\/png"}],"twitter_card":"summary_large_image","twitter_title":"Trader le Forex et les CFDs de la fa\u00e7on de Trading d'Europa Capital","twitter_description":"EuropaTrade offre aux traders du monde entier une opportunit\u00e9 exceptionnelle de trader le Forex et les CFD. Ouvrez votre compte Europa Trade Capital maintenant et commencez \u00e0 trader!","schema":{"@context":"https:\/\/schema.org","@graph":[{"@type":"WebPage","@id":"https:\/\/eurotrcap.rudetings.com\/fr\/","url":"https:\/\/eurotrcap.rudetings.com\/fr\/","name":"Trader le Forex et les CFDs de la fa\u00e7on de Trading d'Europa Capital","isPartOf":{"@id":"https:\/\/eurotrcap.rudetings.com\/#website"},"datePublished":"2022-01-02T13:06:41+00:00","dateModified":"2022-01-07T09:05:45+00:00","description":"EuropaTrade offre aux traders du monde entier une opportunit\u00e9 exceptionnelle de trader le Forex et les CFD. Ouvrez votre compte Europa Trade Capital maintenant et commencez \u00e0 trader!","breadcrumb":{"@id":"https:\/\/eurotrcap.rudetings.com\/fr\/#breadcrumb"},"inLanguage":"fr-FR","potentialAction":[{"@type":"ReadAction","target":["https:\/\/eurotrcap.rudetings.com\/fr\/"]}]},{"@type":"BreadcrumbList","@id":"https:\/\/eurotrcap.rudetings.com\/fr\/#breadcrumb","itemListElement":[{"@type":"ListItem","position":1,"name":"Home","item":"https:\/\/eurotrcap.rudetings.com\/fr\/"},{"@type":"ListItem","position":2,"name":"Home page"}]},{"@type":"WebSite","@id":"https:\/\/eurotrcap.rudetings.com\/#website","url":"https:\/\/eurotrcap.rudetings.com\/","name":"Europa","description":"The Europa Trade way","potentialAction":[{"@type":"SearchAction","target":{"@type":"EntryPoint","urlTemplate":"https:\/\/eurotrcap.rudetings.com\/?s={search_term_string}"},"query-input":"required name=search_term_string"}],"inLanguage":"fr-FR"}]}},"_links":{"self":[{"href":"https:\/\/eurotrcap.rudetings.com\/fr\/wp-json\/wp\/v2\/pages\/1355","targetHints":{"allow":["GET"]}}],"collection":[{"href":"https:\/\/eurotrcap.rudetings.com\/fr\/wp-json\/wp\/v2\/pages"}],"about":[{"href":"https:\/\/eurotrcap.rudetings.com\/fr\/wp-json\/wp\/v2\/types\/page"}],"author":[{"embeddable":true,"href":"https:\/\/eurotrcap.rudetings.com\/fr\/wp-json\/wp\/v2\/users\/1"}],"replies":[{"embeddable":true,"href":"https:\/\/eurotrcap.rudetings.com\/fr\/wp-json\/wp\/v2\/comments?post=1355"}],"version-history":[{"count":20,"href":"https:\/\/eurotrcap.rudetings.com\/fr\/wp-json\/wp\/v2\/pages\/1355\/revisions"}],"predecessor-version":[{"id":1685,"href":"https:\/\/eurotrcap.rudetings.com\/fr\/wp-json\/wp\/v2\/pages\/1355\/revisions\/1685"}],"wp:featuredmedia":[{"embeddable":true,"href":"https:\/\/eurotrcap.rudetings.com\/fr\/wp-json\/wp\/v2\/media\/1667"}],"wp:attachment":[{"href":"https:\/\/eurotrcap.rudetings.com\/fr\/wp-json\/wp\/v2\/media?parent=1355"}],"curies":[{"name":"wp","href":"https:\/\/api.w.org\/{rel}","templated":true}]}}