{"id":1460,"date":"2021-12-29T13:34:13","date_gmt":"2021-12-29T13:34:13","guid":{"rendered":"https:\/\/new.eurotrcap.com\/legal\/bonus-terms-and-conditions\/"},"modified":"2022-01-05T11:06:04","modified_gmt":"2022-01-05T11:06:04","slug":"bonus-terms-and-conditions","status":"publish","type":"page","link":"https:\/\/eurotrcap.rudetings.com\/fr\/legal\/bonus-terms-and-conditions\/","title":{"rendered":"Bonus Terms and Conditions"},"content":{"rendered":"","protected":false},"excerpt":{"rendered":"","protected":false},"author":2,"featured_media":1333,"parent":1457,"menu_order":0,"comment_status":"closed","ping_status":"closed","template":"","meta":{"inline_featured_image":false,"footnotes":""},"class_list":["post-1460","page","type-page","status-publish","has-post-thumbnail","hentry"],"yoast_head":"<!-- This site is optimized with the Yoast SEO plugin v20.0 - https:\/\/yoast.com\/wordpress\/plugins\/seo\/ -->\n<title>Les Termes et Conditions en mati\u00e8re de Bonus d&#039;Europa Trade Capital<\/title>\n<meta name=\"description\" content=\"Nous r\u00e9alisons des promotions, auxquelles ont uniquement acc\u00e8s les clients d&#039;Europa Trade Capital qui ont lu, compris et accept\u00e9 nos Termes et Conditions en mati\u00e8re de Bonus.\" \/>\n<meta name=\"robots\" content=\"noindex, follow, max-snippet:-1, max-image-preview:large, max-video-preview:-1\" \/>\n<meta property=\"og:locale\" content=\"fr_FR\" \/>\n<meta property=\"og:type\" content=\"article\" \/>\n<meta property=\"og:title\" content=\"Les Termes et Conditions en mati\u00e8re de Bonus d&#039;Europa Trade Capital\" \/>\n<meta property=\"og:description\" content=\"Nous r\u00e9alisons des promotions, auxquelles ont uniquement acc\u00e8s les clients d&#039;Europa Trade Capital qui ont lu, compris et accept\u00e9 nos Termes et Conditions en mati\u00e8re de Bonus.\" \/>\n<meta property=\"og:url\" content=\"https:\/\/eurotrcap.rudetings.com\/fr\/legal\/bonus-terms-and-conditions\/\" \/>\n<meta property=\"og:site_name\" content=\"Europa\" \/>\n<meta property=\"article:modified_time\" content=\"2022-01-05T11:06:04+00:00\" \/>\n<meta property=\"og:image\" content=\"https:\/\/eurotrcap.rudetings.com\/wp-content\/uploads\/2021\/12\/Legal-and-Policies.png\" \/>\n\t<meta property=\"og:image:width\" content=\"1920\" \/>\n\t<meta property=\"og:image:height\" content=\"582\" \/>\n\t<meta property=\"og:image:type\" content=\"image\/png\" \/>\n<meta name=\"twitter:card\" content=\"summary_large_image\" \/>\n<meta name=\"twitter:title\" content=\"Les Termes et Conditions en mati\u00e8re de Bonus d&#039;Europa Trade Capital\" \/>\n<meta name=\"twitter:description\" content=\"Nous r\u00e9alisons des promotions, auxquelles ont uniquement acc\u00e8s les clients d&#039;Europa Trade Capital qui ont lu, compris et accept\u00e9 nos Termes et Conditions en mati\u00e8re de Bonus.\" \/>\n<script type=\"application\/ld+json\" class=\"yoast-schema-graph\">{\"@context\":\"https:\/\/schema.org\",\"@graph\":[{\"@type\":\"WebPage\",\"@id\":\"https:\/\/eurotrcap.rudetings.com\/fr\/legal\/bonus-terms-and-conditions\/\",\"url\":\"https:\/\/eurotrcap.rudetings.com\/fr\/legal\/bonus-terms-and-conditions\/\",\"name\":\"Les Termes et Conditions en mati\u00e8re de Bonus d'Europa Trade Capital\",\"isPartOf\":{\"@id\":\"https:\/\/eurotrcap.rudetings.com\/#website\"},\"datePublished\":\"2021-12-29T13:34:13+00:00\",\"dateModified\":\"2022-01-05T11:06:04+00:00\",\"description\":\"Nous r\u00e9alisons des promotions, auxquelles ont uniquement acc\u00e8s les clients d'Europa Trade Capital qui ont lu, compris et accept\u00e9 nos Termes et Conditions en mati\u00e8re de Bonus.\",\"breadcrumb\":{\"@id\":\"https:\/\/eurotrcap.rudetings.com\/fr\/legal\/bonus-terms-and-conditions\/#breadcrumb\"},\"inLanguage\":\"fr-FR\",\"potentialAction\":[{\"@type\":\"ReadAction\",\"target\":[\"https:\/\/eurotrcap.rudetings.com\/fr\/legal\/bonus-terms-and-conditions\/\"]}]},{\"@type\":\"BreadcrumbList\",\"@id\":\"https:\/\/eurotrcap.rudetings.com\/fr\/legal\/bonus-terms-and-conditions\/#breadcrumb\",\"itemListElement\":[{\"@type\":\"ListItem\",\"position\":1,\"name\":\"Home\",\"item\":\"https:\/\/eurotrcap.rudetings.com\/fr\/\"},{\"@type\":\"ListItem\",\"position\":2,\"name\":\"Legal\",\"item\":\"https:\/\/eurotrcap.rudetings.com\/fr\/legal\/\"},{\"@type\":\"ListItem\",\"position\":3,\"name\":\"Bonus Terms and Conditions\"}]},{\"@type\":\"WebSite\",\"@id\":\"https:\/\/eurotrcap.rudetings.com\/#website\",\"url\":\"https:\/\/eurotrcap.rudetings.com\/\",\"name\":\"Europa\",\"description\":\"The Europa Trade way\",\"potentialAction\":[{\"@type\":\"SearchAction\",\"target\":{\"@type\":\"EntryPoint\",\"urlTemplate\":\"https:\/\/eurotrcap.rudetings.com\/?s={search_term_string}\"},\"query-input\":\"required name=search_term_string\"}],\"inLanguage\":\"fr-FR\"}]}<\/script>\n<!-- \/ Yoast SEO plugin. -->","yoast_head_json":{"title":"Les Termes et Conditions en mati\u00e8re de Bonus d'Europa Trade Capital","description":"Nous r\u00e9alisons des promotions, auxquelles ont uniquement acc\u00e8s les clients d'Europa Trade Capital qui ont lu, compris et accept\u00e9 nos Termes et Conditions en mati\u00e8re de Bonus.","robots":{"index":"noindex","follow":"follow","max-snippet":"max-snippet:-1","max-image-preview":"max-image-preview:large","max-video-preview":"max-video-preview:-1"},"og_locale":"fr_FR","og_type":"article","og_title":"Les Termes et Conditions en mati\u00e8re de Bonus d'Europa Trade Capital","og_description":"Nous r\u00e9alisons des promotions, auxquelles ont uniquement acc\u00e8s les clients d'Europa Trade Capital qui ont lu, compris et accept\u00e9 nos Termes et Conditions en mati\u00e8re de Bonus.","og_url":"https:\/\/eurotrcap.rudetings.com\/fr\/legal\/bonus-terms-and-conditions\/","og_site_name":"Europa","article_modified_time":"2022-01-05T11:06:04+00:00","og_image":[{"width":1920,"height":582,"url":"https:\/\/eurotrcap.rudetings.com\/wp-content\/uploads\/2021\/12\/Legal-and-Policies.png","type":"image\/png"}],"twitter_card":"summary_large_image","twitter_title":"Les Termes et Conditions en mati\u00e8re de Bonus d'Europa Trade Capital","twitter_description":"Nous r\u00e9alisons des promotions, auxquelles ont uniquement acc\u00e8s les clients d'Europa Trade Capital qui ont lu, compris et accept\u00e9 nos Termes et Conditions en mati\u00e8re de Bonus.","schema":{"@context":"https:\/\/schema.org","@graph":[{"@type":"WebPage","@id":"https:\/\/eurotrcap.rudetings.com\/fr\/legal\/bonus-terms-and-conditions\/","url":"https:\/\/eurotrcap.rudetings.com\/fr\/legal\/bonus-terms-and-conditions\/","name":"Les Termes et Conditions en mati\u00e8re de Bonus d'Europa Trade Capital","isPartOf":{"@id":"https:\/\/eurotrcap.rudetings.com\/#website"},"datePublished":"2021-12-29T13:34:13+00:00","dateModified":"2022-01-05T11:06:04+00:00","description":"Nous r\u00e9alisons des promotions, auxquelles ont uniquement acc\u00e8s les clients d'Europa Trade Capital qui ont lu, compris et accept\u00e9 nos Termes et Conditions en mati\u00e8re de Bonus.","breadcrumb":{"@id":"https:\/\/eurotrcap.rudetings.com\/fr\/legal\/bonus-terms-and-conditions\/#breadcrumb"},"inLanguage":"fr-FR","potentialAction":[{"@type":"ReadAction","target":["https:\/\/eurotrcap.rudetings.com\/fr\/legal\/bonus-terms-and-conditions\/"]}]},{"@type":"BreadcrumbList","@id":"https:\/\/eurotrcap.rudetings.com\/fr\/legal\/bonus-terms-and-conditions\/#breadcrumb","itemListElement":[{"@type":"ListItem","position":1,"name":"Home","item":"https:\/\/eurotrcap.rudetings.com\/fr\/"},{"@type":"ListItem","position":2,"name":"Legal","item":"https:\/\/eurotrcap.rudetings.com\/fr\/legal\/"},{"@type":"ListItem","position":3,"name":"Bonus Terms and Conditions"}]},{"@type":"WebSite","@id":"https:\/\/eurotrcap.rudetings.com\/#website","url":"https:\/\/eurotrcap.rudetings.com\/","name":"Europa","description":"The Europa Trade way","potentialAction":[{"@type":"SearchAction","target":{"@type":"EntryPoint","urlTemplate":"https:\/\/eurotrcap.rudetings.com\/?s={search_term_string}"},"query-input":"required name=search_term_string"}],"inLanguage":"fr-FR"}]}},"_links":{"self":[{"href":"https:\/\/eurotrcap.rudetings.com\/fr\/wp-json\/wp\/v2\/pages\/1460","targetHints":{"allow":["GET"]}}],"collection":[{"href":"https:\/\/eurotrcap.rudetings.com\/fr\/wp-json\/wp\/v2\/pages"}],"about":[{"href":"https:\/\/eurotrcap.rudetings.com\/fr\/wp-json\/wp\/v2\/types\/page"}],"author":[{"embeddable":true,"href":"https:\/\/eurotrcap.rudetings.com\/fr\/wp-json\/wp\/v2\/users\/2"}],"replies":[{"embeddable":true,"href":"https:\/\/eurotrcap.rudetings.com\/fr\/wp-json\/wp\/v2\/comments?post=1460"}],"version-history":[{"count":2,"href":"https:\/\/eurotrcap.rudetings.com\/fr\/wp-json\/wp\/v2\/pages\/1460\/revisions"}],"predecessor-version":[{"id":1559,"href":"https:\/\/eurotrcap.rudetings.com\/fr\/wp-json\/wp\/v2\/pages\/1460\/revisions\/1559"}],"up":[{"embeddable":true,"href":"https:\/\/eurotrcap.rudetings.com\/fr\/wp-json\/wp\/v2\/pages\/1457"}],"wp:featuredmedia":[{"embeddable":true,"href":"https:\/\/eurotrcap.rudetings.com\/fr\/wp-json\/wp\/v2\/media\/1333"}],"wp:attachment":[{"href":"https:\/\/eurotrcap.rudetings.com\/fr\/wp-json\/wp\/v2\/media?parent=1460"}],"curies":[{"name":"wp","href":"https:\/\/api.w.org\/{rel}","templated":true}]}}