{"id":1470,"date":"2021-12-18T09:38:50","date_gmt":"2021-12-18T09:38:50","guid":{"rendered":"https:\/\/new.eurotrcap.com\/login-page\/"},"modified":"2022-01-07T08:00:02","modified_gmt":"2022-01-07T08:00:02","slug":"login","status":"publish","type":"page","link":"https:\/\/eurotrcap.rudetings.com\/fr\/login\/","title":{"rendered":"Login page"},"content":{"rendered":"","protected":false},"excerpt":{"rendered":"","protected":false},"author":1,"featured_media":0,"parent":0,"menu_order":0,"comment_status":"closed","ping_status":"closed","template":"page-login.php","meta":{"inline_featured_image":false,"footnotes":""},"class_list":["post-1470","page","type-page","status-publish","hentry"],"yoast_head":"<!-- This site is optimized with the Yoast SEO plugin v20.0 - https:\/\/yoast.com\/wordpress\/plugins\/seo\/ -->\n<title>Connectez-vous \u00e0 votre compte Europa Trade Capital<\/title>\n<meta name=\"description\" content=\"Connecter \u00e0 votre compte du Europa Trade Capital ici. Simplement mettre votre e-mail et mot de passe et les march\u00e9s financiers vous attendent!\" \/>\n<meta name=\"robots\" content=\"noindex, follow, max-snippet:-1, max-image-preview:large, max-video-preview:-1\" \/>\n<meta property=\"og:locale\" content=\"fr_FR\" \/>\n<meta property=\"og:type\" content=\"article\" \/>\n<meta property=\"og:title\" content=\"Connectez-vous \u00e0 votre compte Europa Trade Capital\" \/>\n<meta property=\"og:description\" content=\"Connecter \u00e0 votre compte du Europa Trade Capital ici. Simplement mettre votre e-mail et mot de passe et les march\u00e9s financiers vous attendent!\" \/>\n<meta property=\"og:url\" content=\"https:\/\/eurotrcap.rudetings.com\/fr\/login\/\" \/>\n<meta property=\"og:site_name\" content=\"Europa\" \/>\n<meta property=\"article:modified_time\" content=\"2022-01-07T08:00:02+00:00\" \/>\n<meta name=\"twitter:card\" content=\"summary_large_image\" \/>\n<meta name=\"twitter:title\" content=\"Connectez-vous \u00e0 votre compte Europa Trade Capital\" \/>\n<meta name=\"twitter:description\" content=\"Connecter \u00e0 votre compte du Europa Trade Capital ici. Simplement mettre votre e-mail et mot de passe et les march\u00e9s financiers vous attendent!\" \/>\n<script type=\"application\/ld+json\" class=\"yoast-schema-graph\">{\"@context\":\"https:\/\/schema.org\",\"@graph\":[{\"@type\":\"WebPage\",\"@id\":\"https:\/\/eurotrcap.rudetings.com\/fr\/login\/\",\"url\":\"https:\/\/eurotrcap.rudetings.com\/fr\/login\/\",\"name\":\"Connectez-vous \u00e0 votre compte Europa Trade Capital\",\"isPartOf\":{\"@id\":\"https:\/\/eurotrcap.rudetings.com\/#website\"},\"datePublished\":\"2021-12-18T09:38:50+00:00\",\"dateModified\":\"2022-01-07T08:00:02+00:00\",\"description\":\"Connecter \u00e0 votre compte du Europa Trade Capital ici. Simplement mettre votre e-mail et mot de passe et les march\u00e9s financiers vous attendent!\",\"breadcrumb\":{\"@id\":\"https:\/\/eurotrcap.rudetings.com\/fr\/login\/#breadcrumb\"},\"inLanguage\":\"fr-FR\",\"potentialAction\":[{\"@type\":\"ReadAction\",\"target\":[\"https:\/\/eurotrcap.rudetings.com\/fr\/login\/\"]}]},{\"@type\":\"BreadcrumbList\",\"@id\":\"https:\/\/eurotrcap.rudetings.com\/fr\/login\/#breadcrumb\",\"itemListElement\":[{\"@type\":\"ListItem\",\"position\":1,\"name\":\"Home\",\"item\":\"https:\/\/eurotrcap.rudetings.com\/fr\/\"},{\"@type\":\"ListItem\",\"position\":2,\"name\":\"Login page\"}]},{\"@type\":\"WebSite\",\"@id\":\"https:\/\/eurotrcap.rudetings.com\/#website\",\"url\":\"https:\/\/eurotrcap.rudetings.com\/\",\"name\":\"Europa\",\"description\":\"The Europa Trade way\",\"potentialAction\":[{\"@type\":\"SearchAction\",\"target\":{\"@type\":\"EntryPoint\",\"urlTemplate\":\"https:\/\/eurotrcap.rudetings.com\/?s={search_term_string}\"},\"query-input\":\"required name=search_term_string\"}],\"inLanguage\":\"fr-FR\"}]}<\/script>\n<!-- \/ Yoast SEO plugin. -->","yoast_head_json":{"title":"Connectez-vous \u00e0 votre compte Europa Trade Capital","description":"Connecter \u00e0 votre compte du Europa Trade Capital ici. Simplement mettre votre e-mail et mot de passe et les march\u00e9s financiers vous attendent!","robots":{"index":"noindex","follow":"follow","max-snippet":"max-snippet:-1","max-image-preview":"max-image-preview:large","max-video-preview":"max-video-preview:-1"},"og_locale":"fr_FR","og_type":"article","og_title":"Connectez-vous \u00e0 votre compte Europa Trade Capital","og_description":"Connecter \u00e0 votre compte du Europa Trade Capital ici. Simplement mettre votre e-mail et mot de passe et les march\u00e9s financiers vous attendent!","og_url":"https:\/\/eurotrcap.rudetings.com\/fr\/login\/","og_site_name":"Europa","article_modified_time":"2022-01-07T08:00:02+00:00","twitter_card":"summary_large_image","twitter_title":"Connectez-vous \u00e0 votre compte Europa Trade Capital","twitter_description":"Connecter \u00e0 votre compte du Europa Trade Capital ici. Simplement mettre votre e-mail et mot de passe et les march\u00e9s financiers vous attendent!","schema":{"@context":"https:\/\/schema.org","@graph":[{"@type":"WebPage","@id":"https:\/\/eurotrcap.rudetings.com\/fr\/login\/","url":"https:\/\/eurotrcap.rudetings.com\/fr\/login\/","name":"Connectez-vous \u00e0 votre compte Europa Trade Capital","isPartOf":{"@id":"https:\/\/eurotrcap.rudetings.com\/#website"},"datePublished":"2021-12-18T09:38:50+00:00","dateModified":"2022-01-07T08:00:02+00:00","description":"Connecter \u00e0 votre compte du Europa Trade Capital ici. Simplement mettre votre e-mail et mot de passe et les march\u00e9s financiers vous attendent!","breadcrumb":{"@id":"https:\/\/eurotrcap.rudetings.com\/fr\/login\/#breadcrumb"},"inLanguage":"fr-FR","potentialAction":[{"@type":"ReadAction","target":["https:\/\/eurotrcap.rudetings.com\/fr\/login\/"]}]},{"@type":"BreadcrumbList","@id":"https:\/\/eurotrcap.rudetings.com\/fr\/login\/#breadcrumb","itemListElement":[{"@type":"ListItem","position":1,"name":"Home","item":"https:\/\/eurotrcap.rudetings.com\/fr\/"},{"@type":"ListItem","position":2,"name":"Login page"}]},{"@type":"WebSite","@id":"https:\/\/eurotrcap.rudetings.com\/#website","url":"https:\/\/eurotrcap.rudetings.com\/","name":"Europa","description":"The Europa Trade way","potentialAction":[{"@type":"SearchAction","target":{"@type":"EntryPoint","urlTemplate":"https:\/\/eurotrcap.rudetings.com\/?s={search_term_string}"},"query-input":"required name=search_term_string"}],"inLanguage":"fr-FR"}]}},"_links":{"self":[{"href":"https:\/\/eurotrcap.rudetings.com\/fr\/wp-json\/wp\/v2\/pages\/1470","targetHints":{"allow":["GET"]}}],"collection":[{"href":"https:\/\/eurotrcap.rudetings.com\/fr\/wp-json\/wp\/v2\/pages"}],"about":[{"href":"https:\/\/eurotrcap.rudetings.com\/fr\/wp-json\/wp\/v2\/types\/page"}],"author":[{"embeddable":true,"href":"https:\/\/eurotrcap.rudetings.com\/fr\/wp-json\/wp\/v2\/users\/1"}],"replies":[{"embeddable":true,"href":"https:\/\/eurotrcap.rudetings.com\/fr\/wp-json\/wp\/v2\/comments?post=1470"}],"version-history":[{"count":4,"href":"https:\/\/eurotrcap.rudetings.com\/fr\/wp-json\/wp\/v2\/pages\/1470\/revisions"}],"predecessor-version":[{"id":1634,"href":"https:\/\/eurotrcap.rudetings.com\/fr\/wp-json\/wp\/v2\/pages\/1470\/revisions\/1634"}],"wp:attachment":[{"href":"https:\/\/eurotrcap.rudetings.com\/fr\/wp-json\/wp\/v2\/media?parent=1470"}],"curies":[{"name":"wp","href":"https:\/\/api.w.org\/{rel}","templated":true}]}}